{"id":11823,"date":"2016-03-16T09:59:18","date_gmt":"2016-03-16T09:59:18","guid":{"rendered":"http:\/\/www.diva.al\/home\/"},"modified":"2020-02-22T12:04:12","modified_gmt":"2020-02-22T12:04:12","slug":"home","status":"publish","type":"page","link":"https:\/\/www.diva.al\/it\/","title":{"rendered":"Home"},"content":{"rendered":"<p>[vc_row][vc_column width=&#8221;1\/3&#8243; css=&#8221;.vc_custom_1520333308407{border-bottom-width: 80px !important;padding-top: 40px !important;background-color: #7a3054 !important;}&#8221;][vc_custom_heading text=&#8221;Telefono&#8221; font_container=&#8221;tag:h2|text_align:center|color:%23ffffff&#8221; google_fonts=&#8221;font_family:Raleway%3A100%2C200%2C300%2Cregular%2C500%2C600%2C700%2C800%2C900|font_style:700%20bold%20regular%3A700%3Anormal&#8221;][vc_separator color=&#8221;custom&#8221; border_width=&#8221;2&#8243; el_width=&#8221;50&#8243; accent_color=&#8221;#cb506d&#8221;][vc_column_text css=&#8221;.vc_custom_1520337448007{margin-bottom: 10px !important;}&#8221;]<\/p>\n<h3 style=\"text-align: center;\"><a href=\"tel: \/\/+355672600000\"><span style=\"color: #ffffff;\">+355 672 600 000 <\/span><\/a><br \/>\n<a href=\"tel: \/\/+35544501501\"><span style=\"color: #ffffff;\"> +355 44 501 501<\/span><\/a><\/h3>\n<p>[\/vc_column_text][vc_empty_space][\/vc_column][vc_column el_align=&#8221;center&#8221; width=&#8221;1\/3&#8243; css=&#8221;.vc_custom_1520336841161{padding-top: 40px !important;padding-bottom: 35px !important;background-color: #7a445d !important;}&#8221;][vc_custom_heading text=&#8221;Prenota la tua consulenza&#8221; font_container=&#8221;tag:h3|text_align:center|color:%23ffffff&#8221; google_fonts=&#8221;font_family:Raleway%3A100%2C200%2C300%2Cregular%2C500%2C600%2C700%2C800%2C900|font_style:700%20bold%20regular%3A700%3Anormal&#8221; el_id=&#8221;prenoto&#8221; css=&#8221;.vc_custom_1582198242203{margin-bottom: 10px !important;}&#8221;][vc_column_text el_id=&#8221;tekst-prenoto&#8221; css=&#8221;.vc_custom_1582198310280{margin-bottom: 10px !important;}&#8221;]<span style=\"color: #ffffff;\">Ti interessano i trattamenti della nostra clinica?<\/span><br \/>\n<span style=\"color: #ffffff;\">Non perdere tempo e prenota subito la tua consulenza!<\/span>[\/vc_column_text]<a href='http:\/\/www.diva.al\/it\/iscriviti-alla-consulta\/' target='_self' title='' class='dt-sc-button   medium   magenta fully-rounded-border  '  style=\"color:#ffffff;\"> Prenota <\/a>[\/vc_column][vc_column el_align=&#8221;center&#8221; width=&#8221;1\/3&#8243; css=&#8221;.vc_custom_1520336848300{padding-top: 40px !important;padding-bottom: 35px !important;background-color: #7a3054 !important;}&#8221;][vc_custom_heading text=&#8221;Contatta il medico!&#8221; font_container=&#8221;tag:h2|text_align:center|color:%23ffffff&#8221; google_fonts=&#8221;font_family:Raleway%3A100%2C200%2C300%2Cregular%2C500%2C600%2C700%2C800%2C900|font_style:700%20bold%20regular%3A700%3Anormal&#8221; css=&#8221;.vc_custom_1540293650835{margin-bottom: 10px !important;}&#8221;][vc_column_text css=&#8221;.vc_custom_1582199743356{margin-bottom: 10px !important;}&#8221;]<span style=\"color: #ffffff;\">Ti interessano i trattamenti della nostra clinica?<\/span><br \/>\n<span style=\"color: #ffffff;\"> Contatta i nostri medici per qualsiasi domanda che tu hai!<\/span>[\/vc_column_text]<a href='http:\/\/www.diva.al\/it\/contattare-il-medico\/' target='_self' title='' class='dt-sc-button   medium   magenta fully-rounded-border  '  style=\"color:#ffffff;\"> Contatto <\/a>[\/vc_column][\/vc_row][vc_row][vc_column][vc_empty_space height=&#8221;100px&#8221;][\/vc_column][vc_column][vc_column_text el_class=&#8221;aligncenter&#8221;]<div class='dt-sc-small-separator '><\/div>\n<h2>TRATTAMENTI<\/h2>\n<div class='dt-sc-clear '> <\/div>[\/vc_column_text][\/vc_column][vc_column][vc_empty_space][\/vc_column][vc_column][vc_row_inner][vc_column_inner width=&#8221;1\/4&#8243; css=&#8221;.vc_custom_1458192848305{padding-top: 0px !important;padding-right: 0px !important;padding-bottom: 0px !important;padding-left: 0px !important;}&#8221;]<div class='dt-sc-icon-box type10 '><div class=\"icon-wrapper\"><img loading=\"lazy\" decoding=\"async\" width=\"215\" height=\"215\" src=\"https:\/\/www.diva.al\/wp-content\/uploads\/2018\/04\/service-image-3.jpg\" class=\"attachment-full\" alt=\"\" srcset=\"https:\/\/www.diva.al\/wp-content\/uploads\/2018\/04\/service-image-3.jpg 215w, https:\/\/www.diva.al\/wp-content\/uploads\/2018\/04\/service-image-3-150x150.jpg 150w, https:\/\/www.diva.al\/wp-content\/uploads\/2018\/04\/service-image-3-100x100.jpg 100w\" sizes=\"auto, (max-width: 215px) 100vw, 215px\" \/><\/div><div class=\"icon-content\"><h4>VISO<\/h4><p>Per un bellissimo viso!<\/p>\n<p>Rinoplastica \/ Blefaroplastica \/ Otoplastica \/ Lifting del viso \/ Tecnica FUE<\/p><\/div><\/div>[\/vc_column_inner][vc_column_inner width=&#8221;1\/4&#8243;]<div class='dt-sc-icon-box type10 '><div class=\"icon-wrapper\"><img loading=\"lazy\" decoding=\"async\" width=\"215\" height=\"215\" src=\"https:\/\/www.diva.al\/wp-content\/uploads\/2018\/04\/service-image-2.jpg\" class=\"attachment-full\" alt=\"\" srcset=\"https:\/\/www.diva.al\/wp-content\/uploads\/2018\/04\/service-image-2.jpg 215w, https:\/\/www.diva.al\/wp-content\/uploads\/2018\/04\/service-image-2-150x150.jpg 150w, https:\/\/www.diva.al\/wp-content\/uploads\/2018\/04\/service-image-2-100x100.jpg 100w\" sizes=\"auto, (max-width: 215px) 100vw, 215px\" \/><\/div><div class=\"icon-content\"><h4>CORPO<\/h4><p>Liposuzione \/ Addominoplastica \/ Lifting delle braccia \/ Rimodellamento dei glutei \/ Lifting interno cosce &#8230;<\/p><\/div><\/div>[\/vc_column_inner][vc_column_inner width=&#8221;1\/4&#8243;]<div class='dt-sc-icon-box type10 '><div class=\"icon-wrapper\"><img loading=\"lazy\" decoding=\"async\" width=\"215\" height=\"215\" src=\"https:\/\/www.diva.al\/wp-content\/uploads\/2018\/04\/service-image-1.jpg\" class=\"attachment-full\" alt=\"\" srcset=\"https:\/\/www.diva.al\/wp-content\/uploads\/2018\/04\/service-image-1.jpg 215w, https:\/\/www.diva.al\/wp-content\/uploads\/2018\/04\/service-image-1-150x150.jpg 150w, https:\/\/www.diva.al\/wp-content\/uploads\/2018\/04\/service-image-1-100x100.jpg 100w\" sizes=\"auto, (max-width: 215px) 100vw, 215px\" \/><\/div><div class=\"icon-content\"><h4>SENO<\/h4><p>Mastoplastica additiva \/ Lifting del seno \/ Mastoplastica riduttiva \/ Ginecomastia \/ Chirurgia ricostruttiva &#8230;<\/p><\/div><\/div>[\/vc_column_inner][vc_column_inner width=&#8221;1\/4&#8243;]<div class='dt-sc-icon-box type10 '><div class=\"icon-wrapper\"><img loading=\"lazy\" decoding=\"async\" width=\"215\" height=\"215\" src=\"https:\/\/www.diva.al\/wp-content\/uploads\/2018\/04\/service-image-4.jpg\" class=\"attachment-full\" alt=\"\" srcset=\"https:\/\/www.diva.al\/wp-content\/uploads\/2018\/04\/service-image-4.jpg 215w, https:\/\/www.diva.al\/wp-content\/uploads\/2018\/04\/service-image-4-150x150.jpg 150w, https:\/\/www.diva.al\/wp-content\/uploads\/2018\/04\/service-image-4-100x100.jpg 100w\" sizes=\"auto, (max-width: 215px) 100vw, 215px\" \/><\/div><div class=\"icon-content\"><h4>MEDICINA ESTETICA<\/h4><p><p style=\"text-align: center;\">Trattamenti di medicina estetica per tonificare e migliorare l&#8217;aspetto cutaneo.<\/p><\/p><\/div><\/div>[\/vc_column_inner][\/vc_row_inner][\/vc_column][vc_column offset=&#8221;vc_hidden-md vc_hidden-sm vc_hidden-xs&#8221;][vc_empty_space height=&#8221;105px&#8221;][\/vc_column][\/vc_row][vc_row el_class=&#8221;parallax-quote-content&#8221;][vc_column css=&#8221;.vc_custom_1461753611726{padding-top: 60px !important;padding-right: 40px !important;padding-bottom: 0px !important;padding-left: 0px !important;}&#8221; el_class=&#8221;dt-sc-background-one&#8221;][vc_row_inner css=&#8221;.vc_custom_1458208348490{background-position: center !important;background-repeat: no-repeat !important;background-size: contain !important;}&#8221;][vc_column_inner css=&#8221;.vc_custom_1462875039970{padding-top: 6px !important;}&#8221;][vc_column_text el_class=&#8221;parallax-quote&#8221;]<div class='dt-sc-small-separator '><\/div>\n<h2>Panajot Papa<\/h2>\n<div class='dt-sc-clear '> <\/div>[\/vc_column_text][\/vc_column_inner][\/vc_row_inner][vc_row_inner equal_height=&#8221;yes&#8221; css=&#8221;.vc_custom_1458815546962{margin-top: 0px !important;margin-right: 0px !important;margin-bottom: 0px !important;margin-left: 0px !important;padding-top: 0px !important;padding-right: 0px !important;padding-bottom: 0px !important;padding-left: 0px !important;}&#8221;][vc_column_inner el_class=&#8221;doctor-quote&#8221; width=&#8221;1\/2&#8243; css=&#8221;.vc_custom_1462956519976{margin-top: -15px !important;margin-right: 0px !important;margin-left: 0px !important;background-position: center !important;background-repeat: no-repeat !important;background-size: cover !important;}&#8221; offset=&#8221;vc_hidden-sm vc_hidden-xs&#8221;][vc_single_image image=&#8221;10882&#8243; img_size=&#8221;full&#8221;][\/vc_column_inner][vc_column_inner width=&#8221;1\/2&#8243; css=&#8221;.vc_custom_1462875605599{margin-right: 0px !important;margin-left: 0px !important;padding-right: 0px !important;}&#8221;][vc_empty_space][vc_column_text el_class=&#8221;alignleft&#8221;]<\/p>\n<blockquote>\n<h3>Prof. Papa Panajot, MD.<\/h3>\n<p>Il Dott. Papa \u00e8 Specialista in Chirurgia Plastica, Ricostruttiva ed Estetica, laureato presso l&#8217;Universit\u00e0 dell&#8217;Aquila, Italia. \u00c8 stato primario e professore ordinario all&#8217;Universit\u00e0 di Elbasan, in Albania, ed \u00e8 stato anche preside della facolt\u00e0 di scienze mediche dell&#8217;Albanian University of Tirana. Dr. Papa \u00e8 presidente della Societ\u00e0 albanese di chirurgia plastica e ricostruttiva e ha partecipato a oltre 5000 operazioni in chirurgia plastica. Dal 2007 collabora con importanti cliniche di chirurgia plastica in Svizzera, Italia, Svezia, Slovenia, Grecia e Albania. Dott. Papa \u00e8 anche direttore della Clinica DIVA, chirurgia estetica. Ha inoltre un dottorato di ricerca in Chirurgia Sperimentale, specializzato in laser in chirurgia estetica ed \u00e8 in possesso di un master scientifico sulla qualit\u00e0 del servizio ospedaliero. Il Dott. Papa \u00e8 stato anche membro di numerosi congressi internazionali.<\/p><\/blockquote>\n<p>[\/vc_column_text][vc_empty_space][\/vc_column_inner][\/vc_row_inner][\/vc_column][\/vc_row][vc_row full_width=&#8221;stretch_row&#8221; content_placement=&#8221;middle&#8221; parallax=&#8221;content-moving&#8221; parallax_image=&#8221;9859&#8243; text_color=&#8221;#ffffff&#8221; el_class=&#8221;white-text&#8221; css=&#8221;.vc_custom_1519051036726{background-color: rgba(255,255,255,0.95) !important;*background-color: rgb(255,255,255) !important;}&#8221;][vc_column width=&#8221;1\/2&#8243;][\/vc_column][vc_column width=&#8221;1\/2&#8243; css=&#8221;.vc_custom_1458216125464{margin-top: 72px !important;margin-left: 20px !important;}&#8221;][vc_column_text css=&#8221;.vc_custom_1582199661088{margin-bottom: 28px !important;}&#8221;]<\/p>\n<p style=\"font-weight: normal; color: #42aaed; letter-spacing: 1pt; word-spacing: 2pt; font-size: 32px; text-align: left; font-family: arial, helvetica, sans-serif; line-height: 1;\"><span style=\"color: #0063a6;\">La nostra lista di trattamenti<\/span><\/p>\n<p>[\/vc_column_text][vc_row_inner][vc_column_inner width=&#8221;1\/3&#8243;]<ul class='dt-sc-fancy-list   circle'>\n<li style=\"color: #000000;\">Rinoplastica<\/li>\n<li style=\"color: #000000;\">Blefaroplastica<\/li>\n<li style=\"color: #000000;\">Otoplastica<\/li>\n<li style=\"color: #000000;\">Lifting del viso<\/li>\n<li style=\"color: #000000;\">Trapianto di capelli<\/li>\n<li style=\"color: #000000;\">Liposuzione<\/li>\n<li style=\"color: #000000;\">Addominoplastica<\/li>\n<li style=\"color: #000000;\">Lifting delle braccia<\/li>\n<li style=\"color: #000000;\">Rimodellamento dei glutei<\/li>\n<li style=\"color: #000000;\">Lifting interno cosce<\/li>\n<\/ul>[\/vc_column_inner][vc_column_inner width=&#8221;1\/3&#8243;]<ul class='dt-sc-fancy-list   circle'>\n<li style=\"color: #000000;\">Mastoplastica additiva<\/li>\n<li style=\"color: #000000;\">Lifting del seno<\/li>\n<li style=\"color: #000000;\">Mastoplastica riduttiva<\/li>\n<li style=\"color: #000000;\">Chirurgia ricostruttiva<\/li>\n<li style=\"color: #000000;\">Mastectomia profilattica<\/li>\n<li style=\"color: #000000;\">Ginecomastia<\/li>\n<li style=\"color: #000000;\">Sostanze riempitive iniettabili<\/li>\n<li style=\"color: #000000;\">Tossina Botulinica (Botox)<\/li>\n<li style=\"color: #000000;\">Lifting frontale e del sopracciglio<\/li>\n<li style=\"color: #000000;\">Aumento del volume delle labbra<\/li>\n<\/ul>[\/vc_column_inner][vc_column_inner width=&#8221;1\/3&#8243;]<ul class='dt-sc-fancy-list   circle'>\n<li style=\"color: #000000;\">Chirurgia di ringiovanimento del collo<\/li>\n<li style=\"color: #000000;\">Mommy makeover<\/li>\n<li style=\"color: #000000;\">Correzione del mento<\/li>\n<li style=\"color: #000000;\">Plastica labiale<\/li>\n<li style=\"color: #000000;\">Chirurgia del lobo dell&#8217;orecchio<\/li>\n<li style=\"color: #000000;\">Correzione delle Cicatrici<\/li>\n<li style=\"color: #000000;\">Liporiempimento<\/li>\n<li style=\"color: #000000;\">Correzione di precedenti interventi chirurgici al seno<\/li>\n<li style=\"color: #000000;\">Chirurgia estetica del capezzolo<\/li>\n<li style=\"color: #000000;\">Trasferimento di tessuto adiposo nel seno<\/li>\n<\/ul>[\/vc_column_inner][\/vc_row_inner][vc_empty_space height=&#8221;40px&#8221;][\/vc_column][\/vc_row][vc_row full_width=&#8221;stretch_row&#8221; content_placement=&#8221;middle&#8221; css=&#8221;.vc_custom_1523263793187{margin-top: 80px !important;background-image: url(http:\/\/www.diva.al\/wp-content\/uploads\/2018\/04\/appointment-parallax.jpg?id=10891) !important;background-position: 0 0 !important;background-repeat: no-repeat !important;}&#8221; el_class=&#8221;white-text appointment-form&#8221; addstyles=&#8221;overflow: visible; background-position: bottom !important;&#8221;][vc_column width=&#8221;1\/2&#8243; el_class=&#8221;dt-sc-three-fifth&#8221; offset=&#8221;vc_hidden-sm vc_hidden-xs&#8221;][vc_single_image image=&#8221;10886&#8243; img_size=&#8221;full&#8221; alignment=&#8221;center&#8221; css=&#8221;.vc_custom_1523263459606{margin-bottom: -1px !important;}&#8221;][\/vc_column][vc_column width=&#8221;1\/2&#8243; el_class=&#8221;dt-sc-two-fifth&#8221; addstyles=&#8221;float: right;&#8221;][vc_empty_space height=&#8221;95px&#8221;][vc_column_text el_class=&#8221;inherit&#8221;]<div class='dt-sc-small-separator '><\/div>\n<h2>Prenota ora!<\/h2>\n<div class='dt-sc-clear '> <\/div>[\/vc_column_text]\n<div class=\"wpcf7 no-js\" id=\"wpcf7-f11935-o1\" lang=\"en-US\" dir=\"ltr\" data-wpcf7-id=\"11935\">\n<div class=\"screen-reader-response\"><p role=\"status\" aria-live=\"polite\" aria-atomic=\"true\"><\/p> <ul><\/ul><\/div>\n<form action=\"\/it\/wp-json\/wp\/v2\/pages\/11823#wpcf7-f11935-o1\" method=\"post\" class=\"wpcf7-form init\" aria-label=\"Contact form\" novalidate=\"novalidate\" data-status=\"init\">\n<fieldset class=\"hidden-fields-container\"><input type=\"hidden\" name=\"_wpcf7\" value=\"11935\" \/><input type=\"hidden\" name=\"_wpcf7_version\" value=\"6.1.4\" \/><input type=\"hidden\" name=\"_wpcf7_locale\" value=\"en_US\" \/><input type=\"hidden\" name=\"_wpcf7_unit_tag\" value=\"wpcf7-f11935-o1\" \/><input type=\"hidden\" name=\"_wpcf7_container_post\" value=\"0\" \/><input type=\"hidden\" name=\"_wpcf7_posted_data_hash\" value=\"\" \/>\n<\/fieldset>\n<p>[vc_row][vc_column]<span class=\"wpcf7-form-control-wrap\" data-name=\"emri\"><input size=\"40\" maxlength=\"400\" class=\"wpcf7-form-control wpcf7-text wpcf7-validates-as-required\" aria-required=\"true\" aria-invalid=\"false\" placeholder=\"Nome\" value=\"\" type=\"text\" name=\"emri\" \/><\/span>[\/vc_column][vc_empty_space height=\"2px\"][vc_column]<span class=\"wpcf7-form-control-wrap\" data-name=\"phonumber\"><input size=\"40\" maxlength=\"400\" class=\"wpcf7-form-control wpcf7-tel wpcf7-validates-as-required wpcf7-text wpcf7-validates-as-tel\" aria-required=\"true\" aria-invalid=\"false\" placeholder=\"Telefono\" value=\"\" type=\"tel\" name=\"phonumber\" \/><\/span>[\/vc_column][vc_empty_space height=\"2px\"][vc_column]<span class=\"wpcf7-form-control-wrap\" data-name=\"servicetype\"><select class=\"wpcf7-form-control wpcf7-select wpcf7-validates-as-required\" aria-required=\"true\" aria-invalid=\"false\" name=\"servicetype\"><option value=\"Rinoplastica\">Rinoplastica<\/option><option value=\"Blefaroplastica\">Blefaroplastica<\/option><option value=\"Otoplastica\">Otoplastica<\/option><option value=\"Lifting del viso\">Lifting del viso<\/option><option value=\"Trapianto di capelli\">Trapianto di capelli<\/option><option value=\"Liposuzione\">Liposuzione<\/option><option value=\"Addominoplastica\">Addominoplastica<\/option><option value=\"Lifting delle braccia\">Lifting delle braccia<\/option><option value=\"Rimodellamento dei glutei\">Rimodellamento dei glutei<\/option><option value=\"Lifting interno cosce\">Lifting interno cosce<\/option><option value=\"Mastoplastica additiva\">Mastoplastica additiva<\/option><option value=\"Lifting del seno\">Lifting del seno<\/option><option value=\"Mastoplastica riduttiva\">Mastoplastica riduttiva<\/option><option value=\"Chirurgia ricostruttiva\">Chirurgia ricostruttiva<\/option><option value=\"Mastectomia profilattica\">Mastectomia profilattica<\/option><option value=\"Ginecomastia\">Ginecomastia<\/option><option value=\"Sostanze riempitive iniettabili\">Sostanze riempitive iniettabili<\/option><option value=\"Tossina Botulinica (Botox)\">Tossina Botulinica (Botox)<\/option><option value=\"Lifting frontale e del sopracciglio\">Lifting frontale e del sopracciglio<\/option><option value=\"Aumento del volume delle labbra\">Aumento del volume delle labbra<\/option><option value=\"Chirurgia di ringiovanimento del collo\">Chirurgia di ringiovanimento del collo<\/option><option value=\"Mommy makeover\">Mommy makeover<\/option><option value=\"Correzione del mento\">Correzione del mento<\/option><option value=\"Plastica labiale\">Plastica labiale<\/option><option value=\"Chirurgia del lobo dell\u2019orecchio\">Chirurgia del lobo dell\u2019orecchio<\/option><option value=\"Correzione delle Cicatrici\">Correzione delle Cicatrici<\/option><option value=\"Liporiempimento\">Liporiempimento<\/option><option value=\"Valorizzazione estetica delle labbra\">Valorizzazione estetica delle labbra<\/option><option value=\"Correzione di precedenti interventi chirurgici al seno\">Correzione di precedenti interventi chirurgici al seno<\/option><option value=\"Chirurgia estetica del capezzolo\">Chirurgia estetica del capezzolo<\/option><option value=\"Trasferimento di tessuto adiposo nel seno\">Trasferimento di tessuto adiposo nel seno<\/option><\/select><\/span>[\/vc_column][vc_empty_space height=\"2px\"][vc_column]<span class=\"wpcf7-form-control-wrap\" data-name=\"date\"><input class=\"wpcf7-form-control wpcf7-date wpcf7-validates-as-required wpcf7-validates-as-date\" aria-required=\"true\" aria-invalid=\"false\" placeholder=\"Available on - Yyyy-Mm-Dd\" value=\"\" type=\"date\" name=\"date\" \/><\/span>[\/vc_column][vc_empty_space height=\"2px\"][vc_column]<input class=\"wpcf7-form-control wpcf7-submit has-spinner\" type=\"submit\" value=\"Iscriviti\" \/>[\/vc_column][\/vc_row]\n<\/p><p style=\"display: none !important;\" class=\"akismet-fields-container\" data-prefix=\"_wpcf7_ak_\"><label>&#916;<textarea name=\"_wpcf7_ak_hp_textarea\" cols=\"45\" rows=\"8\" maxlength=\"100\"><\/textarea><\/label><input type=\"hidden\" id=\"ak_js_1\" name=\"_wpcf7_ak_js\" value=\"237\"\/><script>document.getElementById( \"ak_js_1\" ).setAttribute( \"value\", ( new Date() ).getTime() );<\/script><\/p><div class=\"wpcf7-response-output\" aria-hidden=\"true\"><\/div>\n<\/form>\n<\/div>\n[\/vc_column][\/vc_row]<\/p>\n","protected":false},"excerpt":{"rendered":"<p>[vc_row][vc_column width=&#8221;1\/3&#8243; css=&#8221;.vc_custom_1520333308407{border-bottom-width: 80px !important;padding-top: 40px !important;background-color: #7a3054 !important;}&#8221;][vc_custom_heading text=&#8221;Telefono&#8221; font_container=&#8221;tag:h2|text_align:center|color:%23ffffff&#8221; google_fonts=&#8221;font_family:Raleway%3A100%2C200%2C300%2Cregular%2C500%2C600%2C700%2C800%2C900|font_style:700%20bold%20regular%3A700%3Anormal&#8221;][vc_separator color=&#8221;custom&#8221; border_width=&#8221;2&#8243; el_width=&#8221;50&#8243; accent_color=&#8221;#cb506d&#8221;][vc_column_text css=&#8221;.vc_custom_1520337448007{margin-bottom: 10px !important;}&#8221;] +355 672 600 000 +355 44 501 501 [\/vc_column_text][vc_empty_space][\/vc_column][vc_column el_align=&#8221;center&#8221; width=&#8221;1\/3&#8243; css=&#8221;.vc_custom_1520336841161{padding-top: 40px !important;padding-bottom: 35px !important;background-color: #7a445d !important;}&#8221;][vc_custom_heading text=&#8221;Prenota la tua consulenza&#8221; font_container=&#8221;tag:h3|text_align:center|color:%23ffffff&#8221; google_fonts=&#8221;font_family:Raleway%3A100%2C200%2C300%2Cregular%2C500%2C600%2C700%2C800%2C900|font_style:700%20bold%20regular%3A700%3Anormal&#8221; el_id=&#8221;prenoto&#8221; css=&#8221;.vc_custom_1582198242203{margin-bottom: 10px !important;}&#8221;][vc_column_text el_id=&#8221;tekst-prenoto&#8221; css=&#8221;.vc_custom_1582198310280{margin-bottom: 10px !important;}&#8221;]Ti interessano i trattamenti della [&hellip;]<\/p>\n","protected":false},"author":1,"featured_media":0,"parent":0,"menu_order":0,"comment_status":"closed","ping_status":"closed","template":"","meta":{"_bbp_topic_count":0,"_bbp_reply_count":0,"_bbp_total_topic_count":0,"_bbp_total_reply_count":0,"_bbp_voice_count":0,"_bbp_anonymous_reply_count":0,"_bbp_topic_count_hidden":0,"_bbp_reply_count_hidden":0,"_bbp_forum_subforum_count":0,"_monsterinsights_skip_tracking":false,"_monsterinsights_sitenote_active":false,"_monsterinsights_sitenote_note":"","_monsterinsights_sitenote_category":0,"footnotes":""},"class_list":["post-11823","page","type-page","status-publish","hentry"],"_links":{"self":[{"href":"https:\/\/www.diva.al\/it\/wp-json\/wp\/v2\/pages\/11823","targetHints":{"allow":["GET"]}}],"collection":[{"href":"https:\/\/www.diva.al\/it\/wp-json\/wp\/v2\/pages"}],"about":[{"href":"https:\/\/www.diva.al\/it\/wp-json\/wp\/v2\/types\/page"}],"author":[{"embeddable":true,"href":"https:\/\/www.diva.al\/it\/wp-json\/wp\/v2\/users\/1"}],"replies":[{"embeddable":true,"href":"https:\/\/www.diva.al\/it\/wp-json\/wp\/v2\/comments?post=11823"}],"version-history":[{"count":20,"href":"https:\/\/www.diva.al\/it\/wp-json\/wp\/v2\/pages\/11823\/revisions"}],"predecessor-version":[{"id":12493,"href":"https:\/\/www.diva.al\/it\/wp-json\/wp\/v2\/pages\/11823\/revisions\/12493"}],"wp:attachment":[{"href":"https:\/\/www.diva.al\/it\/wp-json\/wp\/v2\/media?parent=11823"}],"curies":[{"name":"wp","href":"https:\/\/api.w.org\/{rel}","templated":true}]}}